{"id":2,"date":"2023-09-19T22:20:17","date_gmt":"2023-09-19T22:20:17","guid":{"rendered":"https:\/\/edylombardo.ar\/?page_id=2"},"modified":"2025-05-27T19:54:18","modified_gmt":"2025-05-27T19:54:18","slug":"sample-page","status":"publish","type":"page","link":"https:\/\/edylombardo.ar\/","title":{"rendered":""},"content":{"rendered":"\n<p>Edy Lombardo<\/p>\n\n\n\n<p>Te voy a contar una forma de vender por internet. Vender en los mails y Vender en Redes Sociales que te permite aumentar radicalmente tus ventas y tu influencia en todo tipo de negocios.<\/p>\n\n\n\n<p>Aunque no tengas idea como empezar.<\/p>\n\n\n\n<p>O ya probaste y no te funciona.<\/p>\n\n\n\n<p>O te funciona y quieres m\u00e1s.<\/p>\n\n\n\n<p>\u00bfPor qu\u00e9 te decidiste de entrar al mundo de la venta en internet y el marketing digital?<\/p>\n\n\n\n<p>Estuve trabajando durante 20 a\u00f1os de director en una empresa de ventas de dise\u00f1o interior, sillones y muebles.<\/p>\n\n\n\n<p>En la pandemia me hice cin\u00e9filo, pero tuve un problema. Ya se hab\u00eda convertido en adicci\u00f3n.<\/p>\n\n\n\n<p>Todos los d\u00edas me quedaba hasta las 4AM mirando pelis y series. Llegue a ver en un ano 140 series.<\/p>\n\n\n\n<p>Durante el d\u00eda parec\u00eda un zombie.<\/p>\n\n\n\n<p>Hasta que me llego a mis manos un libro. No se si es bueno o malo. A m\u00ed me sirvi\u00f3, y mucho.<br><br><\/p>\n\n\n\n<p><em>El club de las 5 Am<\/em>, donde dice que te levantes a esa hora y uses la primera hora dividida en 20 minutos de reflexi\u00f3n o meditaci\u00f3n, 20 minutos de estiramiento o gym liviana y 20 minutos para ver videos o leer un libro sobre tu trabajo.<\/p>\n\n\n\n<p>En vez de estar 3 o 4 horas diarias mirando series en pandemia, estaba aprendiendo a vender por internet.<\/p>\n\n\n\n<p>Comenc\u00e9 a aplicarlo en la empresa. La facturaci\u00f3n se multiplico. No entend\u00edan de donde llegaban los pedidos y las llamadas para cerrar ventas.<\/p>\n\n\n\n<p>En la empresa, la gente me llego a decir que saque los contenidos que publicaba en mails, Google, Instagram y Facebook porque no daban abasto a cumplir con los trabajos.<\/p>\n\n\n\n<p>ME ESTABAN PIDIENDO QUE DEJE DE VENDER, UNA VERDADERA LOCURA.<\/p>\n\n\n\n<p>As\u00ed que decid\u00ed empezar a usar las estrategias de venta hacia afuera de la empresa.<\/p>\n\n\n\n<p><a>\u00bf<\/a>Y c\u00f3mo funciona?<\/p>\n\n\n\n<p>Es muy simple.<\/p>\n\n\n\n<p>Cada d\u00eda escribo un email con un consejo de ventas, o de copy, o el m\u00e9todo exacto para exprimir Instagram.<\/p>\n\n\n\n<p>D\u00eda que est\u00e1s fuera, consejo que te pierdes.<\/p>\n\n\n\n<p>Los contenidos los saque de m\u00e1s de 100 libros que le\u00ed de ventas en internet, de escritura persuasiva en los mails, de exprimir las redes sociales.<\/p>\n\n\n\n<p>\u00bfT\u00fa los necesitas leer? Aunque ya los pongo en pr\u00e1ctica aqu\u00ed, nunca, jam\u00e1s te dir\u00e9 que dejes de aprender leyendo libros.<\/p>\n\n\n\n<p>Te voy a decir que funciona. Y te voy a decir que NO funciona.<\/p>\n\n\n\n<p>Solo a los que est\u00e1n dentro de la lista.<\/p>\n\n\n\n<p>Donde les cuento como escribir textos adictivos.<\/p>\n\n\n\n<p>Tambi\u00e9n les cuento como armar contenido para Instagram Facebook y Google.<\/p>\n\n\n\n<p>Estoy recibiendo varios mails con ofertas de gente que vende publicidad en Instagram, o me ofrecen sacar fotos y escribir alg\u00fan contenido semanal en Instagram o publicidad en Google<\/p>\n\n\n\n<p><a>\u00bf<\/a>En qu\u00e9 se diferencia de tus servicios?<\/p>\n\n\n\n<p>Te ofrezco ver el bosque completo,<\/p>\n\n\n\n<p>Te armo la estrategia para que paso a paso puedas vender en cualquier red social<\/p>\n\n\n\n<p>&nbsp;o vender por mail, que es de lo que mas vende.<\/p>\n\n\n\n<p>Mis servicios no son ni mejor ni pero que otros, solo son distintos.<\/p>\n\n\n\n<p>Vender m\u00e1s y a mejores clientes requiere un plan, una estrategia.<\/p>\n\n\n\n<p>Vamos a profundizar m\u00e1s. Un problema que le pasa a muchas personas y me lo dicen.<\/p>\n\n\n\n<p>\u201cNo llego al p\u00fablico que quiero\u201d<\/p>\n\n\n\n<p>\u201cPierdo tiempo haciendo contenidos que no lee nadie\u201d<\/p>\n\n\n\n<p>\u00bfLas redes no sirven para vender?<\/p>\n\n\n\n<p>Hay mucha gente con miles de seguidores en las Redes Sociales que no pueden vender 1 remera.<\/p>\n\n\n\n<p>Pero us\u00e1ndolas de forma adecuada las redes se pueden exprimir.<\/p>\n\n\n\n<p>Tambi\u00e9n utilizando los mails en forma persuasiva son infinitamente mas rentables y baratos que las redes sociales.<\/p>\n\n\n\n<p>\u00bfPor qu\u00e9 te cuento todo esto?<\/p>\n\n\n\n<p>Porque vendo servicios para que ganes dinero vendiendo tus productos en internet. Y los que te compran que te vuelvan a comprar.<\/p>\n\n\n\n<p>\u00bfCu\u00e1l es el precio?<\/p>\n\n\n\n<p>Adquirir nuevos clientes y mandar mails diarios con contenidos de tu empresa desde 1000 d\u00f3lares.<\/p>\n\n\n\n<p>Adquirir nuevos clientes y mandar contenidos diarios de tu empresa por redes sociales (Instagram, Google, Facebook, Whatsapp) desde 1000 d\u00f3lares.<\/p>\n\n\n\n<p>Ingresar tu mail para que te mande mails diarios con contenido de ventas y marketing es Gratis (Y voy a tratar de venderte mis servicios todos los d\u00edas \ud83d\ude42<\/p>\n\n\n\n<p>\u00bfQuer\u00e9s participar?&nbsp;&nbsp;&nbsp;&nbsp;<\/p>\n\n\n\n<p>\ufeff<\/p>\n\n\n\n<p><\/p>\n\n\n\n<p><\/p>\n\n\n<p>Por cierto, si te suscribes te mandare mails con informacion de escritura adictiva para webs, mails y anuncios en Facebook, Instagram y Google + 1 archivo PDF de consejos del genial Seth Godin.<\/p>\n<div class=\"_form_16\">\u00a0<\/div>\n<p><script src=\"https:\/\/edulombar.activehosted.com\/f\/embed.php?id=16\" type=\"text\/javascript\" charset=\"utf-8\"><\/script><\/p>\n<p><!-- \/wp:post-content --><\/p>\n<p><!-- \/wp:columns --><\/p>\n<p><!-- wp:paragraph --><\/p>\n<p><!-- \/wp:paragraph --><\/p>\n<p><!-- wp:paragraph --><\/p>\n<p><!-- \/wp:paragraph --><\/p>\n<p><!-- wp:columns {\"verticalAlignment\":\"center\",\"align\":\"full\"} --><\/p>\n<div class=\"wp-block-columns alignfull are-vertically-aligned-center\"><!-- wp:column --><\/div>\n<div class=\"wp-block-column\">\u00a0<\/div>\n<p><!-- \/wp:column --><\/p>\n<p><!-- \/wp:columns --><\/p>\n<p><!-- wp:paragraph --><\/p>\n<p><!-- \/wp:paragraph --><\/p>\n<p><!-- wp:paragraph --><\/p>\n<p><!-- \/wp:paragraph --><\/p>\n<p><!-- wp:paragraph --><\/p>\n<p><!-- \/wp:paragraph --><\/p>\n<p><!-- wp:paragraph --><\/p>\n<p><!-- wp:columns {\"align\":\"wide\"} --><!-- \/wp:column --><\/p>\n<p><!-- \/wp:paragraph --><\/p>\n<p><!-- wp:paragraph --><\/p>\n<p><!-- \/wp:paragraph --><\/p>\n<p><!-- wp:paragraph --><\/p>\n<p><!-- \/wp:paragraph --><\/p>\n<p><!-- \/wp:columns --><\/p>\n<p><!-- wp:paragraph --><\/p>\n<p><!-- \/wp:paragraph --><\/p>","protected":false},"excerpt":{"rendered":"<p>Edy Lombardo Te voy a contar una forma de vender por internet. Vender en los mails y Vender en Redes Sociales que te permite aumentar radicalmente tus ventas y tu influencia en todo tipo de negocios. Aunque no tengas idea como empezar. O ya probaste y no te funciona. O te funciona y quieres m\u00e1s. [&hellip;]<\/p>\n","protected":false},"author":1,"featured_media":0,"parent":0,"menu_order":0,"comment_status":"closed","ping_status":"closed","template":"","meta":{"footnotes":""},"class_list":["post-2","page","type-page","status-publish","hentry"],"_links":{"self":[{"href":"https:\/\/edylombardo.ar\/index.php\/wp-json\/wp\/v2\/pages\/2","targetHints":{"allow":["GET"]}}],"collection":[{"href":"https:\/\/edylombardo.ar\/index.php\/wp-json\/wp\/v2\/pages"}],"about":[{"href":"https:\/\/edylombardo.ar\/index.php\/wp-json\/wp\/v2\/types\/page"}],"author":[{"embeddable":true,"href":"https:\/\/edylombardo.ar\/index.php\/wp-json\/wp\/v2\/users\/1"}],"replies":[{"embeddable":true,"href":"https:\/\/edylombardo.ar\/index.php\/wp-json\/wp\/v2\/comments?post=2"}],"version-history":[{"count":22,"href":"https:\/\/edylombardo.ar\/index.php\/wp-json\/wp\/v2\/pages\/2\/revisions"}],"predecessor-version":[{"id":160,"href":"https:\/\/edylombardo.ar\/index.php\/wp-json\/wp\/v2\/pages\/2\/revisions\/160"}],"wp:attachment":[{"href":"https:\/\/edylombardo.ar\/index.php\/wp-json\/wp\/v2\/media?parent=2"}],"curies":[{"name":"wp","href":"https:\/\/api.w.org\/{rel}","templated":true}]}}